{"id":144,"date":"2023-01-23T16:21:01","date_gmt":"2023-01-23T16:21:01","guid":{"rendered":"http:\/\/historia.beckman-inno.se\/?page_id=144"},"modified":"2023-01-26T18:39:51","modified_gmt":"2023-01-26T18:39:51","slug":"1985-2","status":"publish","type":"page","link":"http:\/\/historia.beckman-inno.se\/index.php\/1985-2\/","title":{"rendered":"1987 &#8211;"},"content":{"rendered":"\n<figure class=\"wp-block-image size-large\"><img loading=\"lazy\" decoding=\"async\" width=\"745\" height=\"1024\" src=\"http:\/\/historia.beckman-inno.se\/wp-content\/uploads\/2023\/01\/BIA-Atari-1988-745x1024.jpg\" alt=\"\" class=\"wp-image-145\" srcset=\"http:\/\/historia.beckman-inno.se\/wp-content\/uploads\/2023\/01\/BIA-Atari-1988-745x1024.jpg 745w, http:\/\/historia.beckman-inno.se\/wp-content\/uploads\/2023\/01\/BIA-Atari-1988-218x300.jpg 218w, http:\/\/historia.beckman-inno.se\/wp-content\/uploads\/2023\/01\/BIA-Atari-1988-768x1056.jpg 768w, http:\/\/historia.beckman-inno.se\/wp-content\/uploads\/2023\/01\/BIA-Atari-1988-1117x1536.jpg 1117w, http:\/\/historia.beckman-inno.se\/wp-content\/uploads\/2023\/01\/BIA-Atari-1988-1489x2048.jpg 1489w, http:\/\/historia.beckman-inno.se\/wp-content\/uploads\/2023\/01\/BIA-Atari-1988-300x413.jpg 300w, http:\/\/historia.beckman-inno.se\/wp-content\/uploads\/2023\/01\/BIA-Atari-1988-850x1169.jpg 850w, http:\/\/historia.beckman-inno.se\/wp-content\/uploads\/2023\/01\/BIA-Atari-1988-scaled.jpg 1861w\" sizes=\"auto, (max-width: 745px) 100vw, 745px\" \/><figcaption class=\"wp-element-caption\">\u00c5ret \u00e5terf\u00f6rs\u00e4ljare f\u00f6r Atari 1988<\/figcaption><\/figure>\n\n\n\n<figure class=\"wp-block-image size-large\"><img loading=\"lazy\" decoding=\"async\" width=\"1024\" height=\"804\" src=\"http:\/\/historia.beckman-inno.se\/wp-content\/uploads\/2023\/01\/BIA-RMUB-foto-1024x804.jpg\" alt=\"\" class=\"wp-image-151\" srcset=\"http:\/\/historia.beckman-inno.se\/wp-content\/uploads\/2023\/01\/BIA-RMUB-foto-1024x804.jpg 1024w, http:\/\/historia.beckman-inno.se\/wp-content\/uploads\/2023\/01\/BIA-RMUB-foto-300x235.jpg 300w, http:\/\/historia.beckman-inno.se\/wp-content\/uploads\/2023\/01\/BIA-RMUB-foto-768x603.jpg 768w, http:\/\/historia.beckman-inno.se\/wp-content\/uploads\/2023\/01\/BIA-RMUB-foto-1536x1205.jpg 1536w, http:\/\/historia.beckman-inno.se\/wp-content\/uploads\/2023\/01\/BIA-RMUB-foto-2048x1607.jpg 2048w, http:\/\/historia.beckman-inno.se\/wp-content\/uploads\/2023\/01\/BIA-RMUB-foto-850x667.jpg 850w\" sizes=\"auto, (max-width: 1024px) 100vw, 1024px\" \/><\/figure>\n\n\n\n<figure class=\"wp-block-image size-large is-resized\"><img loading=\"lazy\" decoding=\"async\" src=\"http:\/\/historia.beckman-inno.se\/wp-content\/uploads\/2023\/01\/DSC04618-1024x768.jpg\" alt=\"\" class=\"wp-image-146\" width=\"730\" height=\"548\" srcset=\"http:\/\/historia.beckman-inno.se\/wp-content\/uploads\/2023\/01\/DSC04618-1024x768.jpg 1024w, http:\/\/historia.beckman-inno.se\/wp-content\/uploads\/2023\/01\/DSC04618-300x225.jpg 300w, http:\/\/historia.beckman-inno.se\/wp-content\/uploads\/2023\/01\/DSC04618-768x576.jpg 768w, http:\/\/historia.beckman-inno.se\/wp-content\/uploads\/2023\/01\/DSC04618-1536x1152.jpg 1536w, http:\/\/historia.beckman-inno.se\/wp-content\/uploads\/2023\/01\/DSC04618-2048x1536.jpg 2048w, http:\/\/historia.beckman-inno.se\/wp-content\/uploads\/2023\/01\/DSC04618-850x638.jpg 850w\" sizes=\"auto, (max-width: 730px) 100vw, 730px\" \/><\/figure>\n\n\n\n<figure class=\"wp-block-image size-large\"><img loading=\"lazy\" decoding=\"async\" width=\"803\" height=\"1024\" src=\"http:\/\/historia.beckman-inno.se\/wp-content\/uploads\/2023\/01\/BIA-hederspris-2-803x1024.jpg\" alt=\"\" class=\"wp-image-147\" srcset=\"http:\/\/historia.beckman-inno.se\/wp-content\/uploads\/2023\/01\/BIA-hederspris-2-803x1024.jpg 803w, http:\/\/historia.beckman-inno.se\/wp-content\/uploads\/2023\/01\/BIA-hederspris-2-235x300.jpg 235w, http:\/\/historia.beckman-inno.se\/wp-content\/uploads\/2023\/01\/BIA-hederspris-2-768x980.jpg 768w, http:\/\/historia.beckman-inno.se\/wp-content\/uploads\/2023\/01\/BIA-hederspris-2-1204x1536.jpg 1204w, http:\/\/historia.beckman-inno.se\/wp-content\/uploads\/2023\/01\/BIA-hederspris-2-1605x2048.jpg 1605w, http:\/\/historia.beckman-inno.se\/wp-content\/uploads\/2023\/01\/BIA-hederspris-2-300x383.jpg 300w, http:\/\/historia.beckman-inno.se\/wp-content\/uploads\/2023\/01\/BIA-hederspris-2-850x1085.jpg 850w, http:\/\/historia.beckman-inno.se\/wp-content\/uploads\/2023\/01\/BIA-hederspris-2.jpg 1692w\" sizes=\"auto, (max-width: 803px) 100vw, 803px\" \/><\/figure>\n\n\n\n<figure class=\"wp-block-image size-large is-resized\"><img loading=\"lazy\" decoding=\"async\" src=\"http:\/\/historia.beckman-inno.se\/wp-content\/uploads\/2023\/01\/BIA-hederspris-1024x759.jpg\" alt=\"\" class=\"wp-image-148\" width=\"739\" height=\"547\" srcset=\"http:\/\/historia.beckman-inno.se\/wp-content\/uploads\/2023\/01\/BIA-hederspris-1024x759.jpg 1024w, http:\/\/historia.beckman-inno.se\/wp-content\/uploads\/2023\/01\/BIA-hederspris-300x222.jpg 300w, http:\/\/historia.beckman-inno.se\/wp-content\/uploads\/2023\/01\/BIA-hederspris-768x570.jpg 768w, http:\/\/historia.beckman-inno.se\/wp-content\/uploads\/2023\/01\/BIA-hederspris-1536x1139.jpg 1536w, http:\/\/historia.beckman-inno.se\/wp-content\/uploads\/2023\/01\/BIA-hederspris-2048x1519.jpg 2048w, http:\/\/historia.beckman-inno.se\/wp-content\/uploads\/2023\/01\/BIA-hederspris-850x630.jpg 850w\" sizes=\"auto, (max-width: 739px) 100vw, 739px\" \/><\/figure>\n\n\n\n<figure class=\"wp-block-image size-large is-resized\"><img loading=\"lazy\" decoding=\"async\" src=\"http:\/\/historia.beckman-inno.se\/wp-content\/uploads\/2023\/01\/BIA-mdts-hederspris-745x1024.jpg\" alt=\"\" class=\"wp-image-149\" width=\"737\" height=\"1013\" srcset=\"http:\/\/historia.beckman-inno.se\/wp-content\/uploads\/2023\/01\/BIA-mdts-hederspris-745x1024.jpg 745w, http:\/\/historia.beckman-inno.se\/wp-content\/uploads\/2023\/01\/BIA-mdts-hederspris-218x300.jpg 218w, http:\/\/historia.beckman-inno.se\/wp-content\/uploads\/2023\/01\/BIA-mdts-hederspris-768x1056.jpg 768w, http:\/\/historia.beckman-inno.se\/wp-content\/uploads\/2023\/01\/BIA-mdts-hederspris-1117x1536.jpg 1117w, http:\/\/historia.beckman-inno.se\/wp-content\/uploads\/2023\/01\/BIA-mdts-hederspris-1489x2048.jpg 1489w, http:\/\/historia.beckman-inno.se\/wp-content\/uploads\/2023\/01\/BIA-mdts-hederspris-300x413.jpg 300w, http:\/\/historia.beckman-inno.se\/wp-content\/uploads\/2023\/01\/BIA-mdts-hederspris-850x1169.jpg 850w, http:\/\/historia.beckman-inno.se\/wp-content\/uploads\/2023\/01\/BIA-mdts-hederspris-scaled.jpg 1861w\" sizes=\"auto, (max-width: 737px) 100vw, 737px\" \/><\/figure>\n\n\n\n<figure class=\"wp-block-image size-large\"><img loading=\"lazy\" decoding=\"async\" width=\"768\" height=\"1024\" src=\"http:\/\/historia.beckman-inno.se\/wp-content\/uploads\/2023\/01\/DSC04617-768x1024.jpg\" alt=\"\" class=\"wp-image-152\" srcset=\"http:\/\/historia.beckman-inno.se\/wp-content\/uploads\/2023\/01\/DSC04617-768x1024.jpg 768w, http:\/\/historia.beckman-inno.se\/wp-content\/uploads\/2023\/01\/DSC04617-225x300.jpg 225w, http:\/\/historia.beckman-inno.se\/wp-content\/uploads\/2023\/01\/DSC04617-1152x1536.jpg 1152w, http:\/\/historia.beckman-inno.se\/wp-content\/uploads\/2023\/01\/DSC04617-1536x2048.jpg 1536w, http:\/\/historia.beckman-inno.se\/wp-content\/uploads\/2023\/01\/DSC04617-300x400.jpg 300w, http:\/\/historia.beckman-inno.se\/wp-content\/uploads\/2023\/01\/DSC04617-850x1133.jpg 850w, http:\/\/historia.beckman-inno.se\/wp-content\/uploads\/2023\/01\/DSC04617-scaled.jpg 1920w\" sizes=\"auto, (max-width: 768px) 100vw, 768px\" \/><\/figure>\n\n\n\n<figure class=\"wp-block-image size-large\"><img loading=\"lazy\" decoding=\"async\" width=\"957\" height=\"1024\" src=\"http:\/\/historia.beckman-inno.se\/wp-content\/uploads\/2023\/01\/BIA-retro-gathering-2012-957x1024.jpg\" alt=\"\" class=\"wp-image-150\" srcset=\"http:\/\/historia.beckman-inno.se\/wp-content\/uploads\/2023\/01\/BIA-retro-gathering-2012-957x1024.jpg 957w, http:\/\/historia.beckman-inno.se\/wp-content\/uploads\/2023\/01\/BIA-retro-gathering-2012-280x300.jpg 280w, http:\/\/historia.beckman-inno.se\/wp-content\/uploads\/2023\/01\/BIA-retro-gathering-2012-768x822.jpg 768w, http:\/\/historia.beckman-inno.se\/wp-content\/uploads\/2023\/01\/BIA-retro-gathering-2012-1435x1536.jpg 1435w, http:\/\/historia.beckman-inno.se\/wp-content\/uploads\/2023\/01\/BIA-retro-gathering-2012-300x321.jpg 300w, http:\/\/historia.beckman-inno.se\/wp-content\/uploads\/2023\/01\/BIA-retro-gathering-2012-850x910.jpg 850w, http:\/\/historia.beckman-inno.se\/wp-content\/uploads\/2023\/01\/BIA-retro-gathering-2012.jpg 1863w\" sizes=\"auto, (max-width: 957px) 100vw, 957px\" \/><\/figure>\n\n\n\n<figure class=\"wp-block-image size-large is-resized\"><img loading=\"lazy\" decoding=\"async\" src=\"http:\/\/historia.beckman-inno.se\/wp-content\/uploads\/2023\/01\/image-958x1024.png\" alt=\"\" class=\"wp-image-50\" width=\"840\" height=\"897\" srcset=\"http:\/\/historia.beckman-inno.se\/wp-content\/uploads\/2023\/01\/image-958x1024.png 958w, http:\/\/historia.beckman-inno.se\/wp-content\/uploads\/2023\/01\/image-281x300.png 281w, http:\/\/historia.beckman-inno.se\/wp-content\/uploads\/2023\/01\/image-768x821.png 768w, http:\/\/historia.beckman-inno.se\/wp-content\/uploads\/2023\/01\/image-300x321.png 300w, http:\/\/historia.beckman-inno.se\/wp-content\/uploads\/2023\/01\/image-850x908.png 850w, http:\/\/historia.beckman-inno.se\/wp-content\/uploads\/2023\/01\/image.png 1053w\" sizes=\"auto, (max-width: 840px) 100vw, 840px\" \/><figcaption class=\"wp-element-caption\"><strong>Tekniska mus\u00e9er runt om i Sverige gjorde 2007-2009 en tillbakablickande spelutst\u00e4llning d\u00e4r vi medverkade.<\/strong><\/figcaption><\/figure>\n","protected":false},"excerpt":{"rendered":"","protected":false},"author":1,"featured_media":0,"parent":0,"menu_order":0,"comment_status":"closed","ping_status":"closed","template":"","meta":{"footnotes":""},"class_list":["post-144","page","type-page","status-publish","hentry"],"_links":{"self":[{"href":"http:\/\/historia.beckman-inno.se\/index.php\/wp-json\/wp\/v2\/pages\/144","targetHints":{"allow":["GET"]}}],"collection":[{"href":"http:\/\/historia.beckman-inno.se\/index.php\/wp-json\/wp\/v2\/pages"}],"about":[{"href":"http:\/\/historia.beckman-inno.se\/index.php\/wp-json\/wp\/v2\/types\/page"}],"author":[{"embeddable":true,"href":"http:\/\/historia.beckman-inno.se\/index.php\/wp-json\/wp\/v2\/users\/1"}],"replies":[{"embeddable":true,"href":"http:\/\/historia.beckman-inno.se\/index.php\/wp-json\/wp\/v2\/comments?post=144"}],"version-history":[{"count":2,"href":"http:\/\/historia.beckman-inno.se\/index.php\/wp-json\/wp\/v2\/pages\/144\/revisions"}],"predecessor-version":[{"id":184,"href":"http:\/\/historia.beckman-inno.se\/index.php\/wp-json\/wp\/v2\/pages\/144\/revisions\/184"}],"wp:attachment":[{"href":"http:\/\/historia.beckman-inno.se\/index.php\/wp-json\/wp\/v2\/media?parent=144"}],"curies":[{"name":"wp","href":"https:\/\/api.w.org\/{rel}","templated":true}]}}